{"id":21,"date":"2014-09-25T23:07:00","date_gmt":"2014-09-25T22:07:00","guid":{"rendered":"http:\/\/www.ados.mpt-barsuraube.fr\/?page_id=21"},"modified":"2024-06-20T13:34:06","modified_gmt":"2024-06-20T12:34:06","slug":"le-club-ados","status":"publish","type":"page","link":"https:\/\/www.ados.mpt-barsuraube.fr\/?page_id=21","title":{"rendered":"Dossier d&rsquo;inscription"},"content":{"rendered":"<p>Le Club Ados de la Maison Pour Tous est un espace d&rsquo;accueil d\u00e9di\u00e9 aux jeunes pour faire des activit\u00e9s (jeux, tennis de table, acc\u00e8s internet, sport, activit\u00e9s et sorties ludiques&#8230;), pour participer \u00e0 des s\u00e9jours de vacances d&rsquo;hiver et estivaux&#8230;.<\/p>\n<p>Cet espace jeunes est destin\u00e9 aux jeunes du pays Baralbin \u00e2g\u00e9s de 11 ans au minimum, coll\u00e9giens et lyc\u00e9ens et jusqu&rsquo;\u00e0 24 ans sur l&rsquo;accompagnement des projets de jeunes.<\/p>\n<p>Cet espace jeunes est le lieu o\u00f9 des projets de jeunes peuvent \u00e9merger et o\u00f9 une \u00e9quipe de professionnels pourra aider \u00e0 l&rsquo;avanc\u00e9e des id\u00e9es : projets cano\u00eb, projet Japon, s\u00e9jours, voyages&#8230;<\/p>\n<p>Les jeunes doivent adh\u00e9rer au club ados : la cotisation annuelle \u00e0 la MPT pour les mineurs est de 10 \u20ac par an (adh\u00e9sion qui commence le 1er juillet et se termine le 30 juin de l&rsquo;ann\u00e9e suivante).<\/p>\n<p>Lors de l&rsquo;inscription, une fiche de renseignements et une fiche sanitaire vous seront demand\u00e9es pour finaliser l&rsquo;inscription et y joindre une photocopie des vaccins. Pour les s\u00e9jours, une photo d&rsquo;identit\u00e9 sera jointe au dossier.<\/p>\n<p style=\"text-align: center;\"><a href=\"http:\/\/www.ados.mpt-barsuraube.fr\/wp-content\/uploads\/2014\/09\/Fiche-renseignements-2024-2025-1.pdf\">Fiche renseignements 2024-2025<\/a><\/p>\n<p style=\"text-align: center;\"><a href=\"http:\/\/www.ados.mpt-barsuraube.fr\/wp-content\/uploads\/2014\/09\/FICHE-SANITAIRE-2023-2024.pdf\">FICHE SANITAIRE<\/a><\/p>\n<p>Un programme d&rsquo;activit\u00e9s sera propos\u00e9 aux jeunes \u00e0 chaque p\u00e9riode de vacances et des s\u00e9jours \u00e0 th\u00e8me seront propos\u00e9s tout au long de l&rsquo;ann\u00e9e.<\/p>\n<p>Les tarifs des activit\u00e9s du club ados sont codifi\u00e9es : \u00e0 chaque activit\u00e9 correspond une lettre et un tarif correspondant (de A \u00e0 P). Le prix \u00e0 payer d\u00e9pendent de vos ressources et plus pr\u00e9cis\u00e9ment de votre quotient familial; c&rsquo;est la raison pour laquelle nous vous demandons votre num\u00e9ro allocataire CAF qui nous permettra de vous renseigner sur le co\u00fbt \u00e0 payer.<\/p>\n<p style=\"text-align: center;\"><a href=\"http:\/\/www.ados.mpt-barsuraube.fr\/wp-content\/uploads\/2014\/09\/TARIF-CLUB-ADOS-2023-2024.pdf\">TARIF CLUB ADOS<\/a><\/p>\n","protected":false},"excerpt":{"rendered":"<p>Le Club Ados de la Maison Pour Tous est un espace d&rsquo;accueil d\u00e9di\u00e9 aux jeunes pour faire des activit\u00e9s (jeux, tennis de table, acc\u00e8s internet, sport, activit\u00e9s et sorties ludiques&#8230;), pour participer \u00e0 des s\u00e9jours de vacances d&rsquo;hiver et estivaux&#8230;.&hellip; <\/p>\n","protected":false},"author":2,"featured_media":374,"parent":0,"menu_order":1,"comment_status":"closed","ping_status":"closed","template":"","meta":[],"_links":{"self":[{"href":"https:\/\/www.ados.mpt-barsuraube.fr\/index.php?rest_route=\/wp\/v2\/pages\/21"}],"collection":[{"href":"https:\/\/www.ados.mpt-barsuraube.fr\/index.php?rest_route=\/wp\/v2\/pages"}],"about":[{"href":"https:\/\/www.ados.mpt-barsuraube.fr\/index.php?rest_route=\/wp\/v2\/types\/page"}],"author":[{"embeddable":true,"href":"https:\/\/www.ados.mpt-barsuraube.fr\/index.php?rest_route=\/wp\/v2\/users\/2"}],"replies":[{"embeddable":true,"href":"https:\/\/www.ados.mpt-barsuraube.fr\/index.php?rest_route=%2Fwp%2Fv2%2Fcomments&post=21"}],"version-history":[{"count":25,"href":"https:\/\/www.ados.mpt-barsuraube.fr\/index.php?rest_route=\/wp\/v2\/pages\/21\/revisions"}],"predecessor-version":[{"id":1556,"href":"https:\/\/www.ados.mpt-barsuraube.fr\/index.php?rest_route=\/wp\/v2\/pages\/21\/revisions\/1556"}],"wp:featuredmedia":[{"embeddable":true,"href":"https:\/\/www.ados.mpt-barsuraube.fr\/index.php?rest_route=\/wp\/v2\/media\/374"}],"wp:attachment":[{"href":"https:\/\/www.ados.mpt-barsuraube.fr\/index.php?rest_route=%2Fwp%2Fv2%2Fmedia&parent=21"}],"curies":[{"name":"wp","href":"https:\/\/api.w.org\/{rel}","templated":true}]}}