{"id":51,"date":"2014-10-15T22:06:36","date_gmt":"2014-10-15T21:06:36","guid":{"rendered":"http:\/\/www.ados.mpt-barsuraube.fr\/?page_id=51"},"modified":"2016-11-30T12:04:03","modified_gmt":"2016-11-30T11:04:03","slug":"mentions-legales","status":"publish","type":"page","link":"https:\/\/www.ados.mpt-barsuraube.fr\/?page_id=51","title":{"rendered":"MENTIONS L\u00c9GALES"},"content":{"rendered":"<h1 style=\"text-align: center;\">Maison Pour Tous Centre Social de Bar sur Aube<\/h1>\n<p style=\"text-align: center;\">MENTIONS L\u00c9GALES<\/p>\n<p><em><strong>Coordonn\u00e9es de l&rsquo;\u00e9diteur du site<\/strong><\/em><\/p>\n<ul>\n<li>Maison Pour Tous<\/li>\n<li>5, Rue de l&rsquo;Abb\u00e9 Riel<\/li>\n<li>10200 Bar sur Aube<\/li>\n<li>Tel : 03 25 27 31 25<\/li>\n<li>animation.jeunes.mpt-barsuraube@orange.fr<\/li>\n<\/ul>\n<p><em><strong>Coordonn\u00e9es de l&rsquo;h\u00e9bergeur du site <\/strong><\/em><\/p>\n<ul>\n<li>OVH<\/li>\n<li>2 rue Kellermann<\/li>\n<li>59100 Roubaix<\/li>\n<li>site : <a href=\"http:\/\/www.ovh.com\/\" target=\"_blank\">www.ovh.com<\/a><\/li>\n<\/ul>\n<p><em><strong>Directeur de la publication :<\/strong><\/em> GJONI Arb\u00ebr et <span class=\"st\">ORTILLON Arnaud<br \/>\n<\/span><\/p>\n<p align=\"center\">Vous disposez d&rsquo;un droit d&rsquo;acc\u00e8s, de modification, de rectification et de suppression des donn\u00e9es vous concernant (loi \u00ab\u00a0Informatique et Libert\u00e9s\u00a0\u00bb du 6 janvier 1978). Pour toute demande, contactez-nous !<\/p>\n","protected":false},"excerpt":{"rendered":"<p>Maison Pour Tous Centre Social de Bar sur Aube MENTIONS L\u00c9GALES Coordonn\u00e9es de l&rsquo;\u00e9diteur du site Maison Pour Tous 5, Rue de l&rsquo;Abb\u00e9 Riel 10200 Bar sur Aube Tel : 03 25 27 31 25 animation.jeunes.mpt-barsuraube@orange.fr Coordonn\u00e9es de l&rsquo;h\u00e9bergeur du&hellip; <\/p>\n","protected":false},"author":2,"featured_media":106,"parent":0,"menu_order":7,"comment_status":"closed","ping_status":"closed","template":"","meta":[],"_links":{"self":[{"href":"https:\/\/www.ados.mpt-barsuraube.fr\/index.php?rest_route=\/wp\/v2\/pages\/51"}],"collection":[{"href":"https:\/\/www.ados.mpt-barsuraube.fr\/index.php?rest_route=\/wp\/v2\/pages"}],"about":[{"href":"https:\/\/www.ados.mpt-barsuraube.fr\/index.php?rest_route=\/wp\/v2\/types\/page"}],"author":[{"embeddable":true,"href":"https:\/\/www.ados.mpt-barsuraube.fr\/index.php?rest_route=\/wp\/v2\/users\/2"}],"replies":[{"embeddable":true,"href":"https:\/\/www.ados.mpt-barsuraube.fr\/index.php?rest_route=%2Fwp%2Fv2%2Fcomments&post=51"}],"version-history":[{"count":3,"href":"https:\/\/www.ados.mpt-barsuraube.fr\/index.php?rest_route=\/wp\/v2\/pages\/51\/revisions"}],"predecessor-version":[{"id":334,"href":"https:\/\/www.ados.mpt-barsuraube.fr\/index.php?rest_route=\/wp\/v2\/pages\/51\/revisions\/334"}],"wp:featuredmedia":[{"embeddable":true,"href":"https:\/\/www.ados.mpt-barsuraube.fr\/index.php?rest_route=\/wp\/v2\/media\/106"}],"wp:attachment":[{"href":"https:\/\/www.ados.mpt-barsuraube.fr\/index.php?rest_route=%2Fwp%2Fv2%2Fmedia&parent=51"}],"curies":[{"name":"wp","href":"https:\/\/api.w.org\/{rel}","templated":true}]}}