{"id":835,"date":"2020-09-15T14:14:27","date_gmt":"2020-09-15T13:14:27","guid":{"rendered":"http:\/\/www.ados.mpt-barsuraube.fr\/?page_id=835"},"modified":"2025-12-09T16:55:18","modified_gmt":"2025-12-09T15:55:18","slug":"projet-canoe","status":"publish","type":"page","link":"https:\/\/www.ados.mpt-barsuraube.fr\/?page_id=835","title":{"rendered":"Projet cano\u00eb"},"content":{"rendered":"<h2 style=\"text-align: center;\"><strong>Projet cano\u00eb jeunes : <em>\u00ab\u00a0Pagaies des Jeunes\u00a0\u00bb<\/em><\/strong><\/h2>\n<p>Un groupe de jeunes s&rsquo;investit depuis plusieurs ann\u00e9es autour de la pratique du cano\u00eb \u00e0 Bar-sur-Aube et sur son territoire :<a href=\"https:\/\/i2.wp.com\/www.ados.mpt-barsuraube.fr\/wp-content\/uploads\/2022\/06\/pagaies-des-jeunes-logo-transparent.png\"><img decoding=\"async\" loading=\"lazy\" class=\"alignnone wp-image-1110\" src=\"https:\/\/i2.wp.com\/www.ados.mpt-barsuraube.fr\/wp-content\/uploads\/2022\/06\/pagaies-des-jeunes-logo-transparent.png?resize=244%2C247\" alt=\"\" srcset=\"https:\/\/i2.wp.com\/www.ados.mpt-barsuraube.fr\/wp-content\/uploads\/2022\/06\/pagaies-des-jeunes-logo-transparent.png?resize=296%2C300 296w, https:\/\/i2.wp.com\/www.ados.mpt-barsuraube.fr\/wp-content\/uploads\/2022\/06\/pagaies-des-jeunes-logo-transparent.png?resize=768%2C778 768w, https:\/\/i2.wp.com\/www.ados.mpt-barsuraube.fr\/wp-content\/uploads\/2022\/06\/pagaies-des-jeunes-logo-transparent.png?resize=1010%2C1024 1010w, https:\/\/i2.wp.com\/www.ados.mpt-barsuraube.fr\/wp-content\/uploads\/2022\/06\/pagaies-des-jeunes-logo-transparent.png?w=1400 1400w, https:\/\/i2.wp.com\/www.ados.mpt-barsuraube.fr\/wp-content\/uploads\/2022\/06\/pagaies-des-jeunes-logo-transparent.png?w=2100 2100w\" sizes=\"(max-width: 244px) 100vw, 244px\" data-recalc-dims=\"1\" \/><\/a><\/p>\n<ul>\n<li><em><strong>Un projet franco-allemand d&rsquo;\u00e9changes avec un groupe Berlinois<\/strong><\/em> se profile pour l&rsquo;\u00e9t\u00e9 2026 du 1er au 8 ao\u00fbt 2026. Nous recevrons dans un 1er temps nos homologues allemands au cours de l&rsquo;\u00e9t\u00e9 2026 et nous irions \u00e0 leur rencontre au cours de l&rsquo;\u00e9t\u00e9 2027 et terminer par un s\u00e9jour en bord de Loire l&rsquo;\u00e9t\u00e9 2028. Projet en cours de construction et avec comme partenaire l&rsquo;OFAJ.<\/li>\n<li><em><strong>Le plaisir de pratiquer<\/strong><\/em>&nbsp;dans un cadre naturel sur diff\u00e9rents types de rivi\u00e8res ou de plan d&rsquo;eau (lacs r\u00e9servoirs..)&#8230;<\/li>\n<\/ul>\n<p><a href=\"https:\/\/i2.wp.com\/www.ados.mpt-barsuraube.fr\/wp-content\/uploads\/2021\/01\/374776577_674860358038269_6152275685990214972_n.jpg\"><img decoding=\"async\" loading=\"lazy\" class=\"alignnone wp-image-1486\" src=\"https:\/\/i2.wp.com\/www.ados.mpt-barsuraube.fr\/wp-content\/uploads\/2021\/01\/374776577_674860358038269_6152275685990214972_n.jpg?resize=261%2C147\" alt=\"\" srcset=\"https:\/\/i2.wp.com\/www.ados.mpt-barsuraube.fr\/wp-content\/uploads\/2021\/01\/374776577_674860358038269_6152275685990214972_n.jpg?resize=300%2C169 300w, https:\/\/i2.wp.com\/www.ados.mpt-barsuraube.fr\/wp-content\/uploads\/2021\/01\/374776577_674860358038269_6152275685990214972_n.jpg?resize=768%2C432 768w, https:\/\/i2.wp.com\/www.ados.mpt-barsuraube.fr\/wp-content\/uploads\/2021\/01\/374776577_674860358038269_6152275685990214972_n.jpg?resize=1024%2C576 1024w, https:\/\/i2.wp.com\/www.ados.mpt-barsuraube.fr\/wp-content\/uploads\/2021\/01\/374776577_674860358038269_6152275685990214972_n.jpg?w=1920 1920w, https:\/\/i2.wp.com\/www.ados.mpt-barsuraube.fr\/wp-content\/uploads\/2021\/01\/374776577_674860358038269_6152275685990214972_n.jpg?w=1400 1400w\" sizes=\"(max-width: 261px) 100vw, 261px\" data-recalc-dims=\"1\" \/><\/a><a href=\"https:\/\/i1.wp.com\/www.ados.mpt-barsuraube.fr\/wp-content\/uploads\/2021\/01\/375053910_674860598038245_2324012034889634367_n.jpg\"><img decoding=\"async\" loading=\"lazy\" class=\"alignnone wp-image-1488\" src=\"https:\/\/i1.wp.com\/www.ados.mpt-barsuraube.fr\/wp-content\/uploads\/2021\/01\/375053910_674860598038245_2324012034889634367_n.jpg?resize=333%2C147\" alt=\"\" srcset=\"https:\/\/i1.wp.com\/www.ados.mpt-barsuraube.fr\/wp-content\/uploads\/2021\/01\/375053910_674860598038245_2324012034889634367_n.jpg?resize=300%2C132 300w, https:\/\/i1.wp.com\/www.ados.mpt-barsuraube.fr\/wp-content\/uploads\/2021\/01\/375053910_674860598038245_2324012034889634367_n.jpg?resize=768%2C338 768w, https:\/\/i1.wp.com\/www.ados.mpt-barsuraube.fr\/wp-content\/uploads\/2021\/01\/375053910_674860598038245_2324012034889634367_n.jpg?resize=1024%2C450 1024w, https:\/\/i1.wp.com\/www.ados.mpt-barsuraube.fr\/wp-content\/uploads\/2021\/01\/375053910_674860598038245_2324012034889634367_n.jpg?w=2048 2048w, https:\/\/i1.wp.com\/www.ados.mpt-barsuraube.fr\/wp-content\/uploads\/2021\/01\/375053910_674860598038245_2324012034889634367_n.jpg?w=1400 1400w\" sizes=\"(max-width: 333px) 100vw, 333px\" data-recalc-dims=\"1\" \/><\/a><\/p>\n<ul>\n<li><strong><em>L&rsquo;accompagnement des enfants<\/em><\/strong> du Village d&rsquo;enfants \u00e0 la pratique du cano\u00eb : initier, aider, accompagner&#8230;<\/li>\n<\/ul>\n<p><img decoding=\"async\" loading=\"lazy\" class=\"wp-image-840 aligncenter\" src=\"https:\/\/i1.wp.com\/www.ados.mpt-barsuraube.fr\/wp-content\/uploads\/2020\/09\/20200717_123950.jpg?resize=404%2C303\" alt=\"\" srcset=\"https:\/\/i1.wp.com\/www.ados.mpt-barsuraube.fr\/wp-content\/uploads\/2020\/09\/20200717_123950.jpg?resize=300%2C225 300w, https:\/\/i1.wp.com\/www.ados.mpt-barsuraube.fr\/wp-content\/uploads\/2020\/09\/20200717_123950.jpg?resize=768%2C576 768w, https:\/\/i1.wp.com\/www.ados.mpt-barsuraube.fr\/wp-content\/uploads\/2020\/09\/20200717_123950.jpg?resize=1024%2C768 1024w, https:\/\/i1.wp.com\/www.ados.mpt-barsuraube.fr\/wp-content\/uploads\/2020\/09\/20200717_123950.jpg?w=1400 1400w, https:\/\/i1.wp.com\/www.ados.mpt-barsuraube.fr\/wp-content\/uploads\/2020\/09\/20200717_123950.jpg?w=2100 2100w\" sizes=\"(max-width: 404px) 100vw, 404px\" data-recalc-dims=\"1\" \/><\/p>\n<ul>\n<li><em><strong>Accompagner et aider les jeunes \u00e0 obtenir leur test d&rsquo;aisance aquatiqu<\/strong><strong>e<\/strong><\/em> n\u00e9cessaire et obligatoire \u00e0 la pratique du cano\u00eb.<\/li>\n<li><em><strong>Des actions nettoyons la rivi\u00e8re plusieurs fois au cours de l&rsquo;ann\u00e9e :<\/strong><\/em><a href=\"https:\/\/i1.wp.com\/www.ados.mpt-barsuraube.fr\/wp-content\/uploads\/2020\/09\/1715074010009.jpg\"><img decoding=\"async\" loading=\"lazy\" class=\"wp-image-1480 aligncenter\" src=\"https:\/\/i1.wp.com\/www.ados.mpt-barsuraube.fr\/wp-content\/uploads\/2020\/09\/1715074010009.jpg?resize=330%2C626\" alt=\"\" srcset=\"https:\/\/i1.wp.com\/www.ados.mpt-barsuraube.fr\/wp-content\/uploads\/2020\/09\/1715074010009.jpg?resize=158%2C300 158w, https:\/\/i1.wp.com\/www.ados.mpt-barsuraube.fr\/wp-content\/uploads\/2020\/09\/1715074010009.jpg?resize=540%2C1024 540w, https:\/\/i1.wp.com\/www.ados.mpt-barsuraube.fr\/wp-content\/uploads\/2020\/09\/1715074010009.jpg?w=575 575w\" sizes=\"(max-width: 330px) 100vw, 330px\" data-recalc-dims=\"1\" \/><\/a>Plusieurs fois au cours de l&rsquo;ann\u00e9e (printemps, et\u00e9 et Automne) sur la rivi\u00e8re Aube depuis La Taillerie en amont de Bayel jusqu&rsquo;\u00e0 la commune de Bossancourt, soit sur pr\u00e8s de 30 km de rivi\u00e8re. Il s&rsquo;agit de collecter les d\u00e9chets trouv\u00e9s sur la rivi\u00e8re et sur ses berges pour d\u00e9polluer la rivi\u00e8re. <em><strong>\u00ab\u00a0Pour une rivi\u00e8re propre\u00a0\u00bb<\/strong><\/em><\/li>\n<\/ul>\n<p><img decoding=\"async\" loading=\"lazy\" class=\" wp-image-1475 aligncenter\" src=\"https:\/\/i0.wp.com\/www.ados.mpt-barsuraube.fr\/wp-content\/uploads\/2020\/09\/cano\u00eb-jeunes.jpg?resize=392%2C295\" alt=\"\" srcset=\"https:\/\/i0.wp.com\/www.ados.mpt-barsuraube.fr\/wp-content\/uploads\/2020\/09\/cano\u00eb-jeunes.jpg?resize=300%2C225 300w, https:\/\/i0.wp.com\/www.ados.mpt-barsuraube.fr\/wp-content\/uploads\/2020\/09\/cano\u00eb-jeunes.jpg?resize=768%2C576 768w, https:\/\/i0.wp.com\/www.ados.mpt-barsuraube.fr\/wp-content\/uploads\/2020\/09\/cano\u00eb-jeunes.jpg?resize=1024%2C768 1024w, https:\/\/i0.wp.com\/www.ados.mpt-barsuraube.fr\/wp-content\/uploads\/2020\/09\/cano\u00eb-jeunes.jpg?w=1600 1600w, https:\/\/i0.wp.com\/www.ados.mpt-barsuraube.fr\/wp-content\/uploads\/2020\/09\/cano\u00eb-jeunes.jpg?w=1400 1400w\" sizes=\"(max-width: 392px) 100vw, 392px\" data-recalc-dims=\"1\" \/><\/p>\n<ul>\n<li><em><strong>L&rsquo;installation d&rsquo;un Village cano\u00eb<\/strong><\/em> chaque ann\u00e9e dans la cour de la MPT pour la p\u00e9riode estivale de juin \u00e0 octobre pour avoir tout le mat\u00e9riel \u00e0 disposition. Ce village cano\u00eb optimise les actions et sorties cano\u00eb tout au long de l&rsquo;\u00e9t\u00e9.<\/li>\n<li><em><strong>La mise en place d&rsquo;un ou 2 camps cano\u00eb<\/strong><\/em> estivaux sur la rivi\u00e8re Aube ou sur une autre rivi\u00e8re en itin\u00e9rance.<\/li>\n<\/ul>\n<p><a href=\"https:\/\/i1.wp.com\/www.ados.mpt-barsuraube.fr\/wp-content\/uploads\/2021\/01\/375036970_674860574704914_1572122170215590523_n.jpg\"><img decoding=\"async\" loading=\"lazy\" class=\"alignnone size-medium wp-image-1487\" src=\"https:\/\/i1.wp.com\/www.ados.mpt-barsuraube.fr\/wp-content\/uploads\/2021\/01\/375036970_674860574704914_1572122170215590523_n.jpg?resize=300%2C132\" alt=\"\" srcset=\"https:\/\/i1.wp.com\/www.ados.mpt-barsuraube.fr\/wp-content\/uploads\/2021\/01\/375036970_674860574704914_1572122170215590523_n.jpg?resize=300%2C132 300w, https:\/\/i1.wp.com\/www.ados.mpt-barsuraube.fr\/wp-content\/uploads\/2021\/01\/375036970_674860574704914_1572122170215590523_n.jpg?resize=768%2C338 768w, https:\/\/i1.wp.com\/www.ados.mpt-barsuraube.fr\/wp-content\/uploads\/2021\/01\/375036970_674860574704914_1572122170215590523_n.jpg?resize=1024%2C450 1024w, https:\/\/i1.wp.com\/www.ados.mpt-barsuraube.fr\/wp-content\/uploads\/2021\/01\/375036970_674860574704914_1572122170215590523_n.jpg?w=2048 2048w, https:\/\/i1.wp.com\/www.ados.mpt-barsuraube.fr\/wp-content\/uploads\/2021\/01\/375036970_674860574704914_1572122170215590523_n.jpg?w=1400 1400w\" sizes=\"(max-width: 300px) 100vw, 300px\" data-recalc-dims=\"1\" \/><\/a><a href=\"https:\/\/i0.wp.com\/www.ados.mpt-barsuraube.fr\/wp-content\/uploads\/2021\/01\/375292296_674860708038234_4321777357206323442_n.jpg\"><img decoding=\"async\" loading=\"lazy\" class=\"alignnone size-medium wp-image-1489\" src=\"https:\/\/i0.wp.com\/www.ados.mpt-barsuraube.fr\/wp-content\/uploads\/2021\/01\/375292296_674860708038234_4321777357206323442_n.jpg?resize=300%2C132\" alt=\"\" srcset=\"https:\/\/i0.wp.com\/www.ados.mpt-barsuraube.fr\/wp-content\/uploads\/2021\/01\/375292296_674860708038234_4321777357206323442_n.jpg?resize=300%2C132 300w, https:\/\/i0.wp.com\/www.ados.mpt-barsuraube.fr\/wp-content\/uploads\/2021\/01\/375292296_674860708038234_4321777357206323442_n.jpg?resize=768%2C338 768w, https:\/\/i0.wp.com\/www.ados.mpt-barsuraube.fr\/wp-content\/uploads\/2021\/01\/375292296_674860708038234_4321777357206323442_n.jpg?resize=1024%2C450 1024w, https:\/\/i0.wp.com\/www.ados.mpt-barsuraube.fr\/wp-content\/uploads\/2021\/01\/375292296_674860708038234_4321777357206323442_n.jpg?w=2048 2048w, https:\/\/i0.wp.com\/www.ados.mpt-barsuraube.fr\/wp-content\/uploads\/2021\/01\/375292296_674860708038234_4321777357206323442_n.jpg?w=1400 1400w\" sizes=\"(max-width: 300px) 100vw, 300px\" data-recalc-dims=\"1\" \/><\/a><\/p>\n<p>&nbsp;<\/p>\n<p>Ci-dessous, la vid\u00e9o de Camille GAUTIER, membre du groupe Pagaies des Jeunes qui pr\u00e9sente les actions pouvant \u00eatre men\u00e9es par le groupe investi autour du cano\u00eb (vid\u00e9o de 2019) :<\/p>\n<div style=\"width: 700px;\" class=\"wp-video\"><!--[if lt IE 9]><script>document.createElement('video');<\/script><![endif]-->\n<video class=\"wp-video-shortcode\" id=\"video-835-1\" width=\"700\" height=\"394\" preload=\"metadata\" controls=\"controls\"><source type=\"video\/mp4\" src=\"http:\/\/www.ados.mpt-barsuraube.fr\/wp-content\/uploads\/2020\/11\/Projet-canoe\u0308-version-finale.mp4?_=1\" \/><a href=\"http:\/\/www.ados.mpt-barsuraube.fr\/wp-content\/uploads\/2020\/11\/Projet-canoe\u0308-version-finale.mp4\">http:\/\/www.ados.mpt-barsuraube.fr\/wp-content\/uploads\/2020\/11\/Projet-canoe\u0308-version-finale.mp4<\/a><\/video><\/div>\n","protected":false},"excerpt":{"rendered":"<p>Projet cano\u00eb jeunes : \u00ab\u00a0Pagaies des Jeunes\u00a0\u00bb Un groupe de jeunes s&rsquo;investit depuis plusieurs ann\u00e9es autour de la pratique du cano\u00eb \u00e0 Bar-sur-Aube et sur son territoire : Un projet franco-allemand d&rsquo;\u00e9changes avec un groupe Berlinois se profile pour l&rsquo;\u00e9t\u00e9&hellip; <\/p>\n","protected":false},"author":10,"featured_media":1475,"parent":0,"menu_order":0,"comment_status":"closed","ping_status":"closed","template":"","meta":[],"_links":{"self":[{"href":"https:\/\/www.ados.mpt-barsuraube.fr\/index.php?rest_route=\/wp\/v2\/pages\/835"}],"collection":[{"href":"https:\/\/www.ados.mpt-barsuraube.fr\/index.php?rest_route=\/wp\/v2\/pages"}],"about":[{"href":"https:\/\/www.ados.mpt-barsuraube.fr\/index.php?rest_route=\/wp\/v2\/types\/page"}],"author":[{"embeddable":true,"href":"https:\/\/www.ados.mpt-barsuraube.fr\/index.php?rest_route=\/wp\/v2\/users\/10"}],"replies":[{"embeddable":true,"href":"https:\/\/www.ados.mpt-barsuraube.fr\/index.php?rest_route=%2Fwp%2Fv2%2Fcomments&post=835"}],"version-history":[{"count":15,"href":"https:\/\/www.ados.mpt-barsuraube.fr\/index.php?rest_route=\/wp\/v2\/pages\/835\/revisions"}],"predecessor-version":[{"id":1652,"href":"https:\/\/www.ados.mpt-barsuraube.fr\/index.php?rest_route=\/wp\/v2\/pages\/835\/revisions\/1652"}],"wp:featuredmedia":[{"embeddable":true,"href":"https:\/\/www.ados.mpt-barsuraube.fr\/index.php?rest_route=\/wp\/v2\/media\/1475"}],"wp:attachment":[{"href":"https:\/\/www.ados.mpt-barsuraube.fr\/index.php?rest_route=%2Fwp%2Fv2%2Fmedia&parent=835"}],"curies":[{"name":"wp","href":"https:\/\/api.w.org\/{rel}","templated":true}]}}