{"id":904,"date":"2021-01-19T15:10:32","date_gmt":"2021-01-19T14:10:32","guid":{"rendered":"http:\/\/www.ados.mpt-barsuraube.fr\/?page_id=904"},"modified":"2026-02-10T12:00:59","modified_gmt":"2026-02-10T11:00:59","slug":"projet-japon","status":"publish","type":"page","link":"https:\/\/www.ados.mpt-barsuraube.fr\/?page_id=904","title":{"rendered":"Projet Jeunes"},"content":{"rendered":"<p>Val\u00e9rie et Arnaud ont impuls\u00e9 avec les jeunes plusieurs projets de jeunes au cours de cette ann\u00e9e 2025 :<\/p>\n<ul>\n<li><em><strong>\u00ab\u00a0Un s\u00e9jour de vacances\u00a0\u00bb<\/strong><\/em> en projet au cours des vacances 2026 : 10 jeunes co-construisent un s\u00e9jour d&rsquo;une semaine \u00e0 la fin du mois de juillet 2026 en Italie : nombreuses actions d&rsquo;auto-financement sont mises en place pour arriver \u00e0 financer au maximum ce s\u00e9jour, choix du lieu impliquant des recherches d&rsquo;h\u00e9bergement, de visites des lieux \u00e0 d\u00e9couvrir, des activit\u00e9s \u00e0 faire&#8230;<\/li>\n<li><strong><em>\u00ab\u00a0Une journ\u00e9e au parc Eurodisney\u00a0\u00bb <\/em><\/strong>au cours du mois de mars 2026 suite \u00e0 une<em> vol<\/em>ont\u00e9 des jeunes<em> de<\/em>\u00a0passer une journ\u00e9e de ce parc d&rsquo;attractions.<em> Des actions<\/em> d&rsquo;auto-financement permettront aux jeunes de financer l&rsquo;int\u00e9gralit\u00e9 de cette sortie.<\/li>\n<\/ul>\n<ul>\n<li><em><strong>\u00ab\u00a0Un projet de jeunes autour du Volley-Ball\u00a0\u00bb\u00a0<\/strong><\/em>s&rsquo;est cr\u00e9e en 2024 et se poursuit depuis : un groupe de jeunes motiv\u00e9s par la pratique du Volley-Ball s&rsquo;est constitu\u00e9 petit \u00e0 petit. Une quinzaine de jeunes veulent pratiquer cette activit\u00e9 plus souvent pour progresser et jouer des matchs. Des actions de rencontres avec l&rsquo;\u00e9quipe du PL Bar VB se mettent en plus r\u00e9guli\u00e8rement pour rencontrer des joueur-es de club. Une volont\u00e9 de jouer r\u00e9guli\u00e8rement une fois par semaine de la part des jeunes. Un cr\u00e9neau r\u00e9gulier a \u00e9t\u00e9 mis en place tous les mercredis au COSEC de Bar-sur-Aube de 16h \u00e0 18h ! Les jeunes proposent et organisent la mise en place de tournoi de VB ouvert au public, font vivre le terrain de Beach Volley de la Gravi\u00e8re \u00e0 Bar-sur-Aube lors des beaux jours du printemps et de l&rsquo;\u00e9t\u00e9, sont all\u00e9s rencontrer les professionnels du club de Volley-Ball de Chaumont (interviews, visite du Palestra) et assisent 2 \u00e0 3 fois par an des\u00a0 rencontres professionnelles Elite de championnat \u00e0 Chaumont !<\/li>\n<\/ul>\n<p><a href=\"https:\/\/i2.wp.com\/www.ados.mpt-barsuraube.fr\/wp-content\/uploads\/2021\/01\/projetjeunesVB.jpg\"><img decoding=\"async\" loading=\"lazy\" class=\" wp-image-1621 aligncenter\" src=\"https:\/\/i2.wp.com\/www.ados.mpt-barsuraube.fr\/wp-content\/uploads\/2021\/01\/projetjeunesVB.jpg?resize=448%2C448\" alt=\"\" srcset=\"https:\/\/i2.wp.com\/www.ados.mpt-barsuraube.fr\/wp-content\/uploads\/2021\/01\/projetjeunesVB.jpg?resize=300%2C300 300w, https:\/\/i2.wp.com\/www.ados.mpt-barsuraube.fr\/wp-content\/uploads\/2021\/01\/projetjeunesVB.jpg?resize=150%2C150 150w, https:\/\/i2.wp.com\/www.ados.mpt-barsuraube.fr\/wp-content\/uploads\/2021\/01\/projetjeunesVB.jpg?resize=768%2C768 768w, https:\/\/i2.wp.com\/www.ados.mpt-barsuraube.fr\/wp-content\/uploads\/2021\/01\/projetjeunesVB.jpg?resize=1024%2C1024 1024w, https:\/\/i2.wp.com\/www.ados.mpt-barsuraube.fr\/wp-content\/uploads\/2021\/01\/projetjeunesVB.jpg?resize=230%2C230 230w, https:\/\/i2.wp.com\/www.ados.mpt-barsuraube.fr\/wp-content\/uploads\/2021\/01\/projetjeunesVB.jpg?w=1280 1280w\" sizes=\"(max-width: 448px) 100vw, 448px\" data-recalc-dims=\"1\" \/><\/a><\/p>\n<p><a href=\"https:\/\/i1.wp.com\/www.ados.mpt-barsuraube.fr\/wp-content\/uploads\/2021\/01\/434318898_788147396709564_6391318199076729731_n.jpg\"><img decoding=\"async\" loading=\"lazy\" class=\"alignnone size-medium wp-image-1491\" src=\"https:\/\/i1.wp.com\/www.ados.mpt-barsuraube.fr\/wp-content\/uploads\/2021\/01\/434318898_788147396709564_6391318199076729731_n.jpg?resize=300%2C226\" alt=\"\" srcset=\"https:\/\/i1.wp.com\/www.ados.mpt-barsuraube.fr\/wp-content\/uploads\/2021\/01\/434318898_788147396709564_6391318199076729731_n.jpg?resize=300%2C226 300w, https:\/\/i1.wp.com\/www.ados.mpt-barsuraube.fr\/wp-content\/uploads\/2021\/01\/434318898_788147396709564_6391318199076729731_n.jpg?resize=768%2C578 768w, https:\/\/i1.wp.com\/www.ados.mpt-barsuraube.fr\/wp-content\/uploads\/2021\/01\/434318898_788147396709564_6391318199076729731_n.jpg?resize=1024%2C771 1024w, https:\/\/i1.wp.com\/www.ados.mpt-barsuraube.fr\/wp-content\/uploads\/2021\/01\/434318898_788147396709564_6391318199076729731_n.jpg?w=2048 2048w, https:\/\/i1.wp.com\/www.ados.mpt-barsuraube.fr\/wp-content\/uploads\/2021\/01\/434318898_788147396709564_6391318199076729731_n.jpg?w=1400 1400w\" sizes=\"(max-width: 300px) 100vw, 300px\" data-recalc-dims=\"1\" \/><\/a><a href=\"https:\/\/i2.wp.com\/www.ados.mpt-barsuraube.fr\/wp-content\/uploads\/2021\/01\/434334335_788147443376226_5730038367593898271_n.jpg\"><img decoding=\"async\" loading=\"lazy\" class=\"alignnone size-medium wp-image-1492\" src=\"https:\/\/i2.wp.com\/www.ados.mpt-barsuraube.fr\/wp-content\/uploads\/2021\/01\/434334335_788147443376226_5730038367593898271_n.jpg?resize=300%2C226\" alt=\"\" srcset=\"https:\/\/i2.wp.com\/www.ados.mpt-barsuraube.fr\/wp-content\/uploads\/2021\/01\/434334335_788147443376226_5730038367593898271_n.jpg?resize=300%2C226 300w, https:\/\/i2.wp.com\/www.ados.mpt-barsuraube.fr\/wp-content\/uploads\/2021\/01\/434334335_788147443376226_5730038367593898271_n.jpg?resize=768%2C578 768w, https:\/\/i2.wp.com\/www.ados.mpt-barsuraube.fr\/wp-content\/uploads\/2021\/01\/434334335_788147443376226_5730038367593898271_n.jpg?resize=1024%2C771 1024w, https:\/\/i2.wp.com\/www.ados.mpt-barsuraube.fr\/wp-content\/uploads\/2021\/01\/434334335_788147443376226_5730038367593898271_n.jpg?w=2048 2048w, https:\/\/i2.wp.com\/www.ados.mpt-barsuraube.fr\/wp-content\/uploads\/2021\/01\/434334335_788147443376226_5730038367593898271_n.jpg?w=1400 1400w\" sizes=\"(max-width: 300px) 100vw, 300px\" data-recalc-dims=\"1\" \/><\/a><\/p>\n<p><a href=\"https:\/\/i0.wp.com\/www.ados.mpt-barsuraube.fr\/wp-content\/uploads\/2021\/01\/vb.jpg\"><img decoding=\"async\" loading=\"lazy\" class=\"alignnone wp-image-1623\" src=\"https:\/\/i0.wp.com\/www.ados.mpt-barsuraube.fr\/wp-content\/uploads\/2021\/01\/vb.jpg?resize=578%2C543\" alt=\"\" srcset=\"https:\/\/i0.wp.com\/www.ados.mpt-barsuraube.fr\/wp-content\/uploads\/2021\/01\/vb.jpg?resize=300%2C282 300w, https:\/\/i0.wp.com\/www.ados.mpt-barsuraube.fr\/wp-content\/uploads\/2021\/01\/vb.jpg?resize=768%2C721 768w, https:\/\/i0.wp.com\/www.ados.mpt-barsuraube.fr\/wp-content\/uploads\/2021\/01\/vb.jpg?resize=1024%2C961 1024w, https:\/\/i0.wp.com\/www.ados.mpt-barsuraube.fr\/wp-content\/uploads\/2021\/01\/vb.jpg?w=1206 1206w\" sizes=\"(max-width: 578px) 100vw, 578px\" data-recalc-dims=\"1\" \/><\/a><\/p>\n<p><a href=\"https:\/\/i0.wp.com\/www.ados.mpt-barsuraube.fr\/wp-content\/uploads\/2021\/01\/vb3.jpg\"><img decoding=\"async\" loading=\"lazy\" class=\"alignnone wp-image-1625\" src=\"https:\/\/i0.wp.com\/www.ados.mpt-barsuraube.fr\/wp-content\/uploads\/2021\/01\/vb3.jpg?resize=618%2C418\" alt=\"\" srcset=\"https:\/\/i0.wp.com\/www.ados.mpt-barsuraube.fr\/wp-content\/uploads\/2021\/01\/vb3.jpg?resize=300%2C203 300w, https:\/\/i0.wp.com\/www.ados.mpt-barsuraube.fr\/wp-content\/uploads\/2021\/01\/vb3.jpg?resize=768%2C520 768w, https:\/\/i0.wp.com\/www.ados.mpt-barsuraube.fr\/wp-content\/uploads\/2021\/01\/vb3.jpg?resize=1024%2C693 1024w, https:\/\/i0.wp.com\/www.ados.mpt-barsuraube.fr\/wp-content\/uploads\/2021\/01\/vb3.jpg?w=1295 1295w\" sizes=\"(max-width: 618px) 100vw, 618px\" data-recalc-dims=\"1\" \/><\/a><\/p>\n<p>\u2022 <strong>La r\u00e9alisation d&rsquo;un court m\u00e9trage<\/strong> pour participer au concours Smart Move 2025 lors du festival les 3 premi\u00e8res marches a eu lieu en 2025. Les jeunes ont demand\u00e9 de renouveler cette exp\u00e9rience cin\u00e9matographique qui avait eu lieu une premi\u00e8re fois en 2023. 5 jeunes ont jou\u00e9 leur cin\u00e9ma pendant 5 jours aux vacances de f\u00e9vrier. Feront-ils une nouvelle apparition en 2026 \u00e0 ce festival ?<\/p>\n<p><a href=\"https:\/\/i2.wp.com\/www.ados.mpt-barsuraube.fr\/wp-content\/uploads\/2025\/01\/MPT-Concours-SmartMove-Aff-2025.jpg\"><img decoding=\"async\" loading=\"lazy\" class=\"wp-image-1613 aligncenter\" src=\"https:\/\/i2.wp.com\/www.ados.mpt-barsuraube.fr\/wp-content\/uploads\/2025\/01\/MPT-Concours-SmartMove-Aff-2025.jpg?resize=400%2C566\" alt=\"\" srcset=\"https:\/\/i2.wp.com\/www.ados.mpt-barsuraube.fr\/wp-content\/uploads\/2025\/01\/MPT-Concours-SmartMove-Aff-2025.jpg?resize=212%2C300 212w, https:\/\/i2.wp.com\/www.ados.mpt-barsuraube.fr\/wp-content\/uploads\/2025\/01\/MPT-Concours-SmartMove-Aff-2025.jpg?resize=768%2C1086 768w, https:\/\/i2.wp.com\/www.ados.mpt-barsuraube.fr\/wp-content\/uploads\/2025\/01\/MPT-Concours-SmartMove-Aff-2025.jpg?resize=724%2C1024 724w, https:\/\/i2.wp.com\/www.ados.mpt-barsuraube.fr\/wp-content\/uploads\/2025\/01\/MPT-Concours-SmartMove-Aff-2025.jpg?w=1400 1400w, https:\/\/i2.wp.com\/www.ados.mpt-barsuraube.fr\/wp-content\/uploads\/2025\/01\/MPT-Concours-SmartMove-Aff-2025.jpg?w=2100 2100w\" sizes=\"(max-width: 400px) 100vw, 400px\" data-recalc-dims=\"1\" \/><\/a><\/p>\n<ul>\n<li><strong>Projet de jeunes : cr\u00e9ation artistique<\/strong>. Suite aux exp\u00e9riences inoubliables et riches d&rsquo;\u00e9motions avec l&rsquo;artiste C\u00e9lestin en 2024, les jeunes ont cr\u00e9e une chanson, l&rsquo;ont interpr\u00e9t\u00e9 sur sc\u00e8ne devant le public. Cette chanson avait pour th\u00e9matique la lutte contre le racisme. En 2025, aux vacances d&rsquo;avril, ces jeunes ont r\u00e9it\u00e9r\u00e9 cette exp\u00e9rience avec une autre artiste sur une th\u00e9matique li\u00e9e \u00e0 la protection de l&rsquo;environnement avec la chanteuse El\u00f4 Papillon. La chanson s&rsquo;appelle \u00ab\u00a0Perle Bleue\u00a0\u00bb. En 2026, un projet artistique autour du dessin, graph se d\u00e9roulera au cours des vacances d&rsquo;Avril sur une semaine. Le projet des jeunes : cr\u00e9er une fresque sur la tol\u00e9rance, les discriminations, le vivre ensemble. Cette fresque \u00e9mergera des id\u00e9es des jeunes de la MPT avec l&rsquo;aide et l&rsquo;apport technique de l&rsquo;artiste. Ce projet de jeunes avec le soutien de la Dilcra et de la PS jeunes Caf.<\/li>\n<\/ul>\n<p><span class=\"embed-youtube\" style=\"text-align:center; display: block;\"><iframe class='youtube-player' type='text\/html' width='700' height='424' src='https:\/\/www.youtube.com\/embed\/XYynccKPmkY?version=3&#038;rel=1&#038;fs=1&#038;autohide=2&#038;showsearch=0&#038;showinfo=1&#038;iv_load_policy=1&#038;wmode=transparent' allowfullscreen='true' style='border:0;'><\/iframe><\/span><\/p>\n<p><strong>Retour sur les projets de jeunes au cours de l&rsquo;ann\u00e9e 2023\/2024 :<\/strong><\/p>\n<ul>\n<li><strong><em>\u00ab\u00a0Les Olympiades Culturelles\u00a0\u00bb<\/em><\/strong> est un projet de jeunes mis en place d\u00e8s le moi d&rsquo;octobre 2024 en partenariat avec la DRAC Grand Est et la compagnie artistique Kia\u00ef. L&rsquo;objectif de ce projet est de construire tout au long de l&rsquo;ann\u00e9e un spectacle artistique de groupe qui sera pr\u00e9sent\u00e9 le samedi 13 juillet 2024 \u00e0 l&rsquo;abbaye de Clairvaux lors de la journ\u00e9e du passage de la flamme olympique sur le territoire Aubois.<\/li>\n<\/ul>\n<p><a href=\"https:\/\/i2.wp.com\/www.ados.mpt-barsuraube.fr\/wp-content\/uploads\/2023\/09\/DSC_5172-e1708354196633.jpg\"><img decoding=\"async\" loading=\"lazy\" class=\"alignnone wp-image-1408\" src=\"https:\/\/i2.wp.com\/www.ados.mpt-barsuraube.fr\/wp-content\/uploads\/2023\/09\/DSC_5172.jpg?resize=209%2C261\" alt=\"\" data-recalc-dims=\"1\" \/><\/a><a href=\"https:\/\/i0.wp.com\/www.ados.mpt-barsuraube.fr\/wp-content\/uploads\/2023\/09\/DSC_5272.jpg\"><img decoding=\"async\" loading=\"lazy\" class=\"alignnone wp-image-1409\" src=\"https:\/\/i0.wp.com\/www.ados.mpt-barsuraube.fr\/wp-content\/uploads\/2023\/09\/DSC_5272.jpg?resize=394%2C262\" alt=\"\" srcset=\"https:\/\/i0.wp.com\/www.ados.mpt-barsuraube.fr\/wp-content\/uploads\/2023\/09\/DSC_5272.jpg?resize=300%2C199 300w, https:\/\/i0.wp.com\/www.ados.mpt-barsuraube.fr\/wp-content\/uploads\/2023\/09\/DSC_5272.jpg?resize=768%2C511 768w, https:\/\/i0.wp.com\/www.ados.mpt-barsuraube.fr\/wp-content\/uploads\/2023\/09\/DSC_5272.jpg?resize=1024%2C681 1024w, https:\/\/i0.wp.com\/www.ados.mpt-barsuraube.fr\/wp-content\/uploads\/2023\/09\/DSC_5272.jpg?w=1400 1400w, https:\/\/i0.wp.com\/www.ados.mpt-barsuraube.fr\/wp-content\/uploads\/2023\/09\/DSC_5272.jpg?w=2100 2100w\" sizes=\"(max-width: 394px) 100vw, 394px\" data-recalc-dims=\"1\" \/><\/a><\/p>\n<ul>\n<li>Un s\u00e9jour de vacances fin ao\u00fbt 2024 a eu lieu dans les gorges du Verdon pour une douzaine de jeunes. Pendant pr\u00e8s d&rsquo;un an, ces jeunes se sont r\u00e9unis r\u00e9guli\u00e8rement pour travailler sur ce projet de s\u00e9jour de vacances. Des r\u00e9unions de concertation pour affiner le s\u00e9jour (choix d&rsquo;une destination, type d&rsquo;h\u00e9bergement, activit\u00e9s, visites&#8230;). Mais \u00e9galement beaucoup de rendez-vous pour ce groupe de jeunes pour mener \u00e0 bien de nombreuses actions d&rsquo;auto-financements afin de r\u00e9colter l&rsquo;argent n\u00e9cessaire au financement de leur s\u00e9jour : distribution de flyers, service transport en brouettes \u00e0 la f\u00eate des plantes de Berg\u00e8res, soir\u00e9es anim\u00e9es avec repas \u00e0 th\u00e8mes, randonn\u00e9e nocturne suivie d&rsquo;un repas, vente de chocolats \u00e0 No\u00ebl, cr\u00e9ations de d\u00e9corations de No\u00ebl vendues au march\u00e9 de No\u00ebl de la ville, la poursuite de la vente du livre \u00ab\u00a0Les recettes de nos mamans\u00a0\u00bb cr\u00e9e en 2023&#8230;<\/li>\n<\/ul>\n<p><a href=\"https:\/\/i1.wp.com\/www.ados.mpt-barsuraube.fr\/wp-content\/uploads\/2021\/01\/IMG-20240911-WA0019.jpg\"><img decoding=\"async\" loading=\"lazy\" class=\"alignnone size-medium wp-image-1634\" src=\"https:\/\/i1.wp.com\/www.ados.mpt-barsuraube.fr\/wp-content\/uploads\/2021\/01\/IMG-20240911-WA0019.jpg?resize=300%2C225\" alt=\"\" srcset=\"https:\/\/i1.wp.com\/www.ados.mpt-barsuraube.fr\/wp-content\/uploads\/2021\/01\/IMG-20240911-WA0019.jpg?resize=300%2C225 300w, https:\/\/i1.wp.com\/www.ados.mpt-barsuraube.fr\/wp-content\/uploads\/2021\/01\/IMG-20240911-WA0019.jpg?resize=768%2C576 768w, https:\/\/i1.wp.com\/www.ados.mpt-barsuraube.fr\/wp-content\/uploads\/2021\/01\/IMG-20240911-WA0019.jpg?resize=1024%2C768 1024w, https:\/\/i1.wp.com\/www.ados.mpt-barsuraube.fr\/wp-content\/uploads\/2021\/01\/IMG-20240911-WA0019.jpg?w=2048 2048w, https:\/\/i1.wp.com\/www.ados.mpt-barsuraube.fr\/wp-content\/uploads\/2021\/01\/IMG-20240911-WA0019.jpg?w=1400 1400w\" sizes=\"(max-width: 300px) 100vw, 300px\" data-recalc-dims=\"1\" \/><\/a><a href=\"https:\/\/i0.wp.com\/www.ados.mpt-barsuraube.fr\/wp-content\/uploads\/2021\/01\/IMG-20240911-WA0021.jpg\"><img decoding=\"async\" loading=\"lazy\" class=\"alignnone size-medium wp-image-1635\" src=\"https:\/\/i0.wp.com\/www.ados.mpt-barsuraube.fr\/wp-content\/uploads\/2021\/01\/IMG-20240911-WA0021.jpg?resize=300%2C225\" alt=\"\" srcset=\"https:\/\/i0.wp.com\/www.ados.mpt-barsuraube.fr\/wp-content\/uploads\/2021\/01\/IMG-20240911-WA0021.jpg?resize=300%2C225 300w, https:\/\/i0.wp.com\/www.ados.mpt-barsuraube.fr\/wp-content\/uploads\/2021\/01\/IMG-20240911-WA0021.jpg?resize=768%2C576 768w, https:\/\/i0.wp.com\/www.ados.mpt-barsuraube.fr\/wp-content\/uploads\/2021\/01\/IMG-20240911-WA0021.jpg?resize=1024%2C768 1024w, https:\/\/i0.wp.com\/www.ados.mpt-barsuraube.fr\/wp-content\/uploads\/2021\/01\/IMG-20240911-WA0021.jpg?w=1600 1600w, https:\/\/i0.wp.com\/www.ados.mpt-barsuraube.fr\/wp-content\/uploads\/2021\/01\/IMG-20240911-WA0021.jpg?w=1400 1400w\" sizes=\"(max-width: 300px) 100vw, 300px\" data-recalc-dims=\"1\" \/><\/a><\/p>\n<ul>\n<li><em><strong>\u00ab\u00a0Un projet de jeunes d&rsquo;\u00e9criture d&rsquo;une chanson de lutte contre le racisme\u00a0\u00bb<\/strong><\/em> a vu le jour\u00a0pendant les vacances d&rsquo;hiver 2024 avec l&rsquo;artiste chanteur compositeur C\u00e9lestin. Une v\u00e9ritable osmose s&rsquo;est install\u00e9e entre l&rsquo;artiste et les 16 jeunes du projet. Les 5 jours de rencontres, d&rsquo;\u00e9changes, d&rsquo;\u00e9critures, de r\u00e9p\u00e9titions&#8230; a abouti sur un magnifique spectacle des jeunes et de C\u00e9lestin \u00e0 l&rsquo;auditorium du conservatoire de musique de la ville de Bar-sur-Aube.<a href=\"https:\/\/i1.wp.com\/www.ados.mpt-barsuraube.fr\/wp-content\/uploads\/2024\/05\/441032991_7730313020325050_5472295761176436836_n.jpg\"><img decoding=\"async\" loading=\"lazy\" class=\" wp-image-1467 aligncenter\" src=\"https:\/\/i1.wp.com\/www.ados.mpt-barsuraube.fr\/wp-content\/uploads\/2024\/05\/441032991_7730313020325050_5472295761176436836_n.jpg?resize=475%2C356\" alt=\"\" srcset=\"https:\/\/i1.wp.com\/www.ados.mpt-barsuraube.fr\/wp-content\/uploads\/2024\/05\/441032991_7730313020325050_5472295761176436836_n.jpg?resize=300%2C225 300w, https:\/\/i1.wp.com\/www.ados.mpt-barsuraube.fr\/wp-content\/uploads\/2024\/05\/441032991_7730313020325050_5472295761176436836_n.jpg?w=720 720w\" sizes=\"(max-width: 475px) 100vw, 475px\" data-recalc-dims=\"1\" \/><\/a>Les jeunes sont mont\u00e9es sur sc\u00e8ne pour interpr\u00e9ter leur chanson devant le public qui a fort appr\u00e9ci\u00e9 leur cr\u00e9ation et la mise en sc\u00e8ne ! Un clip a \u00e9t\u00e9 cr\u00e9\u00e9 suite au spectacle et nous souhaitons que ce clip soit vu par le maximum de monde pour v\u00e9hiculer ce beau message de tol\u00e9rance. Alors on vous laisse le plaisir de le regarder, de commenter, de liker et de partager ! Merci \u00e0 vous !!!<\/li>\n<\/ul>\n<p style=\"text-align: center;\"><iframe loading=\"lazy\" src=\"\/\/www.youtube.com\/embed\/c5c_0CT4j74\" width=\"560\" height=\"314\" allowfullscreen=\"allowfullscreen\"><\/iframe><\/p>\n<div class=\"xdj266r x11i5rnm xat24cr x1mh8g0r x1vvkbs x126k92a\">\n<div dir=\"auto\">Message de C\u00e9lestin<br \/>\n\u00a0\u00bb Il y a quelques semaines j\u2019ai \u00e9t\u00e9 invit\u00e9 par les jeunes du club ado de la Maison Pour Tous de Bar sur Aube pour cr\u00e9er ensemble une chanson contre le racisme.<\/div>\n<div dir=\"auto\">4 jours de travail et on est mont\u00e9 sur sc\u00e8ne pour la jouer devant un vrai public!<\/div>\n<div dir=\"auto\">On a appel\u00e9 notre groupe \u00ab UNIT\u00c9 \u00bb.<\/div>\n<div dir=\"auto\">Aujourd\u2019hui je vous propose de d\u00e9couvrir cette chanson et le clip qui a \u00e9t\u00e9 r\u00e9alis\u00e9 par Claude Miss et Antonin Bonnot avec les images de la semaine\u00a0<span class=\"x3nfvp2 x1j61x8r x1fcty0u xdj266r xhhsvwb xat24cr xgzva0m xxymvpz xlup9mm x1kky2od\"><img decoding=\"async\" loading=\"lazy\" class=\"xz74otr\" src=\"https:\/\/i2.wp.com\/static.xx.fbcdn.net\/images\/emoji.php\/v9\/t7a\/1\/16\/1f44f_1f3fc.png?resize=16%2C16&#038;ssl=1\" alt=\"\" data-recalc-dims=\"1\" \/><\/span><\/div>\n<div dir=\"auto\">Merci \u00e0 tout.e.s pour votre accueil, cette semaine restera grav\u00e9e dans mon c\u0153ur\u00a0<span class=\"x3nfvp2 x1j61x8r x1fcty0u xdj266r xhhsvwb xat24cr xgzva0m xxymvpz xlup9mm x1kky2od\"><img decoding=\"async\" loading=\"lazy\" class=\"xz74otr\" src=\"https:\/\/i2.wp.com\/static.xx.fbcdn.net\/images\/emoji.php\/v9\/t6c\/1\/16\/2764.png?resize=16%2C16&#038;ssl=1\" alt=\"\u2764\ufe0f\" data-recalc-dims=\"1\" \/><\/span><\/div>\n<\/div>\n<div class=\"x11i5rnm xat24cr x1mh8g0r x1vvkbs xtlvy1s x126k92a\">\n<div dir=\"auto\">Ensemble luttons contre le racisme\u00a0<span class=\"x3nfvp2 x1j61x8r x1fcty0u xdj266r xhhsvwb xat24cr xgzva0m xxymvpz xlup9mm x1kky2od\"><img decoding=\"async\" loading=\"lazy\" class=\"xz74otr\" src=\"https:\/\/i0.wp.com\/static.xx.fbcdn.net\/images\/emoji.php\/v9\/te9\/1\/16\/1f4aa_1f3fd.png?resize=16%2C16&#038;ssl=1\" alt=\"\" data-recalc-dims=\"1\" \/>\u00a0\u00ab\u00a0<\/span><\/div>\n<\/div>\n<div dir=\"auto\"><\/div>\n<div dir=\"auto\">Et d&rsquo;autres projets peuvent na\u00eetre au sein du club ados de la MPT de Bar-sur-Aube sur demande et propositions !!!<\/div>\n<div dir=\"auto\">Valou et Arnaud sont \u00e0 votre disposition et votre \u00e9coute !!!<\/div>\n<div dir=\"auto\"><\/div>\n<div dir=\"auto\"><a href=\"https:\/\/i2.wp.com\/www.ados.mpt-barsuraube.fr\/wp-content\/uploads\/2021\/01\/438674698_392415217089518_7641342807340095272_n.jpg\"><img decoding=\"async\" loading=\"lazy\" class=\"alignnone wp-image-1493\" src=\"https:\/\/i2.wp.com\/www.ados.mpt-barsuraube.fr\/wp-content\/uploads\/2021\/01\/438674698_392415217089518_7641342807340095272_n.jpg?resize=700%2C700\" alt=\"\" srcset=\"https:\/\/i2.wp.com\/www.ados.mpt-barsuraube.fr\/wp-content\/uploads\/2021\/01\/438674698_392415217089518_7641342807340095272_n.jpg?resize=300%2C300 300w, https:\/\/i2.wp.com\/www.ados.mpt-barsuraube.fr\/wp-content\/uploads\/2021\/01\/438674698_392415217089518_7641342807340095272_n.jpg?resize=150%2C150 150w, https:\/\/i2.wp.com\/www.ados.mpt-barsuraube.fr\/wp-content\/uploads\/2021\/01\/438674698_392415217089518_7641342807340095272_n.jpg?resize=768%2C768 768w, https:\/\/i2.wp.com\/www.ados.mpt-barsuraube.fr\/wp-content\/uploads\/2021\/01\/438674698_392415217089518_7641342807340095272_n.jpg?resize=230%2C230 230w, https:\/\/i2.wp.com\/www.ados.mpt-barsuraube.fr\/wp-content\/uploads\/2021\/01\/438674698_392415217089518_7641342807340095272_n.jpg?w=1000 1000w\" sizes=\"(max-width: 700px) 100vw, 700px\" data-recalc-dims=\"1\" \/><\/a><\/div>\n<div class=\"xdj266r x11i5rnm xat24cr x1mh8g0r x1vvkbs x126k92a\"><\/div>\n<div class=\"x11i5rnm xat24cr x1mh8g0r x1vvkbs xtlvy1s x126k92a\"><\/div>\n","protected":false},"excerpt":{"rendered":"<p>Val\u00e9rie et Arnaud ont impuls\u00e9 avec les jeunes plusieurs projets de jeunes au cours de cette ann\u00e9e 2025 : \u00ab\u00a0Un s\u00e9jour de vacances\u00a0\u00bb en projet au cours des vacances 2026 : 10 jeunes co-construisent un s\u00e9jour d&rsquo;une semaine \u00e0 la&hellip; <\/p>\n","protected":false},"author":10,"featured_media":1467,"parent":0,"menu_order":0,"comment_status":"closed","ping_status":"closed","template":"","meta":[],"_links":{"self":[{"href":"https:\/\/www.ados.mpt-barsuraube.fr\/index.php?rest_route=\/wp\/v2\/pages\/904"}],"collection":[{"href":"https:\/\/www.ados.mpt-barsuraube.fr\/index.php?rest_route=\/wp\/v2\/pages"}],"about":[{"href":"https:\/\/www.ados.mpt-barsuraube.fr\/index.php?rest_route=\/wp\/v2\/types\/page"}],"author":[{"embeddable":true,"href":"https:\/\/www.ados.mpt-barsuraube.fr\/index.php?rest_route=\/wp\/v2\/users\/10"}],"replies":[{"embeddable":true,"href":"https:\/\/www.ados.mpt-barsuraube.fr\/index.php?rest_route=%2Fwp%2Fv2%2Fcomments&post=904"}],"version-history":[{"count":23,"href":"https:\/\/www.ados.mpt-barsuraube.fr\/index.php?rest_route=\/wp\/v2\/pages\/904\/revisions"}],"predecessor-version":[{"id":1713,"href":"https:\/\/www.ados.mpt-barsuraube.fr\/index.php?rest_route=\/wp\/v2\/pages\/904\/revisions\/1713"}],"wp:featuredmedia":[{"embeddable":true,"href":"https:\/\/www.ados.mpt-barsuraube.fr\/index.php?rest_route=\/wp\/v2\/media\/1467"}],"wp:attachment":[{"href":"https:\/\/www.ados.mpt-barsuraube.fr\/index.php?rest_route=%2Fwp%2Fv2%2Fmedia&parent=904"}],"curies":[{"name":"wp","href":"https:\/\/api.w.org\/{rel}","templated":true}]}}